{"id":223,"date":"2015-06-25T13:48:15","date_gmt":"2015-06-25T13:48:15","guid":{"rendered":"https:\/\/www.veterinarialaamistad.com\/?page_id=223"},"modified":"2020-10-26T02:16:47","modified_gmt":"2020-10-26T02:16:47","slug":"pet-grooming","status":"publish","type":"page","link":"https:\/\/www.veterinarialaamistad.com\/?page_id=223","title":{"rendered":"Grooming"},"content":{"rendered":"<p>[vc_row parallax=&#8221;&#8221; parallax_image=&#8221;&#8221;][vc_column css=&#8221;.vc_custom_1436430576013{margin-top: -1px !important;margin-bottom: 3em !important;}&#8221;]<h3 class=\"sc_title sc_title_underline sc_align_center\" style=\"margin-top:0px;text-align:center;font-size:2em;\">Servicios<span class=\"tile_underline\"><span class=\"tile_underline_semicircle semicircle_1\"><\/span><span class=\"tile_underline_semicircle semicircle_2\"><\/span><span class=\"tile_underline_semicircle semicircle_3\"><\/span><\/span><\/h3>[\/vc_column][\/vc_row][vc_row][vc_column width=&#8221;1\/4&#8243; el_class=&#8221;responsive_service_1-4&#8243;]<div class=\"sc_section aligncenter\"><div class=\"sc_section_inner\">[vc_widget_sidebar sidebar_id=&#8221;sidebar_custom_0&#8243;]<\/div><\/div><div class=\"sc_section\" style=\"border: 1px solid #f6f6f6;background-color:#ffffff;\"><div class=\"sc_section_inner\"><div class=\"sc_section_overlay\" style=\"\"><div class=\"sc_section_content\"><h5 class=\"sc_title sc_title_regular\" style=\"margin-top:0px;\">Contacto<\/h5><div class=\"sc_line sc_line_style_solid\" style=\"margin-top:0.5em;margin-bottom:2em;border-top-style:solid;border-top-color:#efefef;\"><\/div><div class=\"sc_content content_wrap\" style=\"margin-bottom:1.7em !important;\"><span class=\"sc_icon icon-location alignleft\" style=\"display:block;margin-right:0.4em;font-size:2.4em; line-height: 1em;color:#f29760;\"><\/span>[vc_column_text]<span style=\"line-height: 1.5em;\">Rohrmoser, Pavas<\/span>[\/vc_column_text]<\/div><div class=\"sc_content content_wrap\" style=\"margin-bottom:1.7em !important;\"><span class=\"sc_icon icon-phone alignleft\" style=\"display:block;margin-right:1em;color:#f29760;\"><\/span>[vc_column_text]2231-18-09[\/vc_column_text]<\/div><div class=\"sc_content content_wrap\" style=\"margin-bottom:1.7em !important;\"><span class=\"sc_icon icon-phone alignleft\" style=\"display:block;margin-right:1em;color:#f29760;\"><\/span>[vc_column_text]2296-42-59[\/vc_column_text]<\/div><\/div><\/div><\/div><\/div>[\/vc_column][vc_column width=&#8221;3\/4&#8243; el_class=&#8221;responsive_service_3-4&#8243;]<div id=\"sc_slider_2113163540\" class=\"sc_slider sc_slider_swiper swiper-slider-container sc_slider_height_auto sc_slider_controls sc_slider_pagination\" data-interval=\"8336\" style=\"width:100%;\"><div class=\"slides swiper-wrapper\"><div class=\"swiper-slide\" data-style=\"width:100%;\" style=\"width:100%;\"><img class=\"wp-post-image\" alt=\"Depositphotos_22977110_original.jpg\" src=\"https:\/\/www.veterinarialaamistad.com\/wp-content\/uploads\/2015\/08\/Depositphotos_22977110_original.jpg\"><\/div><div class=\"swiper-slide\" data-style=\"width:100%;\" style=\"width:100%;\"><img class=\"wp-post-image\" alt=\"Depositphotos_18034837_original.jpg\" src=\"https:\/\/www.veterinarialaamistad.com\/wp-content\/uploads\/2015\/08\/Depositphotos_18034837_original.jpg\"><\/div><div class=\"swiper-slide\" data-style=\"width:100%;\" style=\"width:100%;\"><img class=\"wp-post-image\" alt=\"Depositphotos_22977434_original.jpg\" src=\"https:\/\/www.veterinarialaamistad.com\/wp-content\/uploads\/2015\/08\/Depositphotos_22977434_original.jpg\"><\/div><div class=\"swiper-slide\" data-style=\"width:100%;\" style=\"width:100%;\"><img class=\"wp-post-image\" alt=\"Depositphotos_65724991_l.jpg\" src=\"https:\/\/www.veterinarialaamistad.com\/wp-content\/uploads\/2015\/07\/Depositphotos_65724991_l.jpg\"><\/div><div class=\"swiper-slide\" data-style=\"width:100%;\" style=\"width:100%;\"><img class=\"wp-post-image\" alt=\"pet-clipping-2.jpg\" src=\"https:\/\/www.veterinarialaamistad.com\/wp-content\/uploads\/2015\/07\/pet-clipping-2.jpg\"><\/div><\/div><div class=\"sc_slider_controls_wrap\"><a class=\"sc_slider_prev\" href=\"#\"><\/a><a class=\"sc_slider_next\" href=\"#\"><\/a><\/div><div class=\"sc_slider_pagination_wrap\"><\/div><\/div><h5 class=\"sc_title sc_title_regular\" style=\"margin-top:1.5em;margin-bottom:0.2em;\">Grooming Profesional<\/h5>[vc_column_text]Ofrecemos un incredible servicio de grooming profesional para sus mascotas!<\/p>\n<p>El grooming es importante no solo desde la parte estetica sino tambien porque ayuda a la salud de tu mascota.<\/p>\n<p>Nuestros servicios de grooming incluyen lo siguiente:[\/vc_column_text]<div class=\"sc_accordion sc_accordion_style_1\" style=\"margin-top:3em;\" data-active=\"0\"><div class=\"sc_accordion_item odd first\"><h5 class=\"sc_accordion_title\"><span class=\"first-letter-accordion\"><\/span><span class=\"sc_accordion_icon sc_accordion_icon_before_title \"><\/span>Remoci\u00f3n de pelo muerto y nudos en el pelaje de tu mascota<span class=\"second-letter-accordion\"><span class=\"sc_accordion_icon sc_accordion_icon_closed icon-plus\"><\/span><span class=\"sc_accordion_icon sc_accordion_icon_opened icon-minus\"><\/span><\/span><\/h5><div class=\"sc_accordion_content\">[vc_column_text]Antes del ba\u00f1o se cepilla el pelo de tu mascota para remover nudos y el exceso de pelo que pueda tener tu mascota.[\/vc_column_text]<\/div><\/div><div class=\"sc_accordion_item even\"><h5 class=\"sc_accordion_title\"><span class=\"first-letter-accordion\"><\/span><span class=\"sc_accordion_icon sc_accordion_icon_before_title \"><\/span>Ba\u00f1o<span class=\"second-letter-accordion\"><span class=\"sc_accordion_icon sc_accordion_icon_closed icon-plus\"><\/span><span class=\"sc_accordion_icon sc_accordion_icon_opened icon-minus\"><\/span><\/span><\/h5><div class=\"sc_accordion_content\">[vc_column_text]Se ba\u00f1a tu mascota con un champ\u00fa que se adecue a sus necesidades, ya sea un champ\u00fa de avena para evitar alergias, champ\u00fa azul de mata para pelajes blancos, de manzanillas para pelajes dorados, champ\u00fas antipulgas, entre otros.<\/p>\n<p>[\/vc_column_text]<\/div><\/div><div class=\"sc_accordion_item odd\"><h5 class=\"sc_accordion_title\"><span class=\"first-letter-accordion\"><\/span><span class=\"sc_accordion_icon sc_accordion_icon_before_title \"><\/span>Limpieza de o\u00eddos y corte u\u00f1as<span class=\"second-letter-accordion\"><span class=\"sc_accordion_icon sc_accordion_icon_closed icon-plus\"><\/span><span class=\"sc_accordion_icon sc_accordion_icon_opened icon-minus\"><\/span><\/span><\/h5><div class=\"sc_accordion_content\">[vc_column_text]Se limpian los o\u00eddos de tu mascota con productos adecuados para tal fin, se remueve el exceso de pelo en los o\u00eddos y se cortan las u\u00f1as.[\/vc_column_text]<\/div><\/div><div class=\"sc_accordion_item even\"><h5 class=\"sc_accordion_title\"><span class=\"first-letter-accordion\"><\/span><span class=\"sc_accordion_icon sc_accordion_icon_before_title \"><\/span>Productos Especiales<span class=\"second-letter-accordion\"><span class=\"sc_accordion_icon sc_accordion_icon_closed icon-plus\"><\/span><span class=\"sc_accordion_icon sc_accordion_icon_opened icon-minus\"><\/span><\/span><\/h5><div class=\"sc_accordion_content\">[vc_column_text]Se aplica un perfume y un pa\u00f1uelito o lazos para tu macota. En algunos casos, seg\u00fan el tipo de mascota se puede aplicar keratina en su pelaje para darle brillo y sedosidad.[\/vc_column_text]<\/div><\/div><\/div>[\/vc_column][\/vc_row]<\/p>\n","protected":false},"excerpt":{"rendered":"<p>[vc_row parallax=&#8221;&#8221; parallax_image=&#8221;&#8221;][vc_column css=&#8221;.vc_custom_1436430576013{margin-top: -1px !important;margin-bottom: 3em !important;}&#8221;][\/vc_column][\/vc_row][vc_row][vc_column width=&#8221;1\/4&#8243; el_class=&#8221;responsive_service_1-4&#8243;][\/vc_column][vc_column width=&#8221;3\/4&#8243; el_class=&#8221;responsive_service_3-4&#8243;][vc_column_text]Ofrecemos un incredible servicio de grooming profesional para sus mascotas! El grooming es importante no solo desde la parte estetica sino tambien porque ayuda a la salud de tu mascota. Nuestros servicios de grooming incluyen lo siguiente:[\/vc_column_text][\/vc_column][\/vc_row]<\/p>\n","protected":false},"author":1,"featured_media":0,"parent":0,"menu_order":0,"comment_status":"open","ping_status":"open","template":"","meta":[],"_links":{"self":[{"href":"https:\/\/www.veterinarialaamistad.com\/index.php?rest_route=\/wp\/v2\/pages\/223"}],"collection":[{"href":"https:\/\/www.veterinarialaamistad.com\/index.php?rest_route=\/wp\/v2\/pages"}],"about":[{"href":"https:\/\/www.veterinarialaamistad.com\/index.php?rest_route=\/wp\/v2\/types\/page"}],"author":[{"embeddable":true,"href":"https:\/\/www.veterinarialaamistad.com\/index.php?rest_route=\/wp\/v2\/users\/1"}],"replies":[{"embeddable":true,"href":"https:\/\/www.veterinarialaamistad.com\/index.php?rest_route=%2Fwp%2Fv2%2Fcomments&post=223"}],"version-history":[{"count":2,"href":"https:\/\/www.veterinarialaamistad.com\/index.php?rest_route=\/wp\/v2\/pages\/223\/revisions"}],"predecessor-version":[{"id":3109,"href":"https:\/\/www.veterinarialaamistad.com\/index.php?rest_route=\/wp\/v2\/pages\/223\/revisions\/3109"}],"wp:attachment":[{"href":"https:\/\/www.veterinarialaamistad.com\/index.php?rest_route=%2Fwp%2Fv2%2Fmedia&parent=223"}],"curies":[{"name":"wp","href":"https:\/\/api.w.org\/{rel}","templated":true}]}}