{"id":217,"date":"2015-06-25T13:47:13","date_gmt":"2015-06-25T13:47:13","guid":{"rendered":"https:\/\/www.veterinarialaamistad.com\/?page_id=217"},"modified":"2021-02-23T13:21:29","modified_gmt":"2021-02-23T13:21:29","slug":"adoption","status":"publish","type":"page","link":"https:\/\/www.veterinarialaamistad.com\/?page_id=217","title":{"rendered":"Servicios"},"content":{"rendered":"<p>[vc_row][vc_column width=&#8221;1\/4&#8243; el_class=&#8221;responsive_service_1-4&#8243;]<div class=\"sc_section aligncenter\"><div class=\"sc_section_inner\">[vc_widget_sidebar sidebar_id=&#8221;sidebar_custom_0&#8243;]<\/div><\/div><div class=\"sc_section\" style=\"border: 1px solid #f6f6f6;background-color:#ffffff;\"><div class=\"sc_section_inner\"><div class=\"sc_section_overlay\" style=\"\"><div class=\"sc_section_content\"><h5 class=\"sc_title sc_title_regular\" style=\"margin-top:0px;\">Contacto<\/h5><div class=\"sc_line sc_line_style_solid\" style=\"margin-top:0.5em;margin-bottom:2em;border-top-style:solid;border-top-color:#efefef;\"><\/div><div class=\"sc_content content_wrap\" style=\"margin-bottom:0px !important;\"><span class=\"sc_icon icon-location alignleft\" style=\"display:block;margin-right:0.4em;font-size:2.4em; line-height: 1em;color:#f25c00;\"><\/span>[vc_column_text]<a href=\"https:\/\/goo.gl\/maps\/dZFpRKu9qVnaTpc26\" target=\"_blank\" rel=\"noopener noreferrer\">Rohrmoser, Pavas<\/a>[\/vc_column_text]<\/div><div class=\"sc_content content_wrap\" style=\"margin-bottom:1.7em !important;\"><span class=\"sc_icon icon-mail alignleft\" style=\"display:block;margin-right:5px;font-size:16px; line-height: 1em;color:#f25c00;\"><\/span>[vc_column_text]<a style=\"font-size: 13px;\" href=\"mailto:veterinarialaamistad@gmail.com\">veterinarialaamistad@gmail.com<\/a>[\/vc_column_text]<\/div><div class=\"sc_content content_wrap\" style=\"margin-bottom:1.7em !important;\"><span class=\"sc_icon icon-phone alignleft\" style=\"display:block;margin-right:1em;color:#f25c00;\"><\/span>[vc_column_text]<a href=\"tel:2231-18-09\">2231-18-09<\/a>[\/vc_column_text]<\/div><div class=\"sc_content content_wrap\" style=\"margin-bottom:1.7em !important;\"><span class=\"sc_icon icon-phone alignleft\" style=\"display:block;margin-right:1em;color:#f25c00;\"><\/span>[vc_column_text]<a href=\"tel:2296-42-59\">2296-42-59<\/a>[\/vc_column_text]<\/div><\/div><\/div><\/div><\/div>[\/vc_column][vc_column width=&#8221;3\/4&#8243; el_class=&#8221;responsive_service_3-4&#8243;]<div id=\"sc_slider_220623945\" class=\"sc_slider sc_slider_swiper swiper-slider-container sc_slider_nocontrols sc_slider_nopagination\" data-interval=\"8061\" style=\"width:100%;\"><div class=\"slides swiper-wrapper\"><div class=\"swiper-slide\" data-style=\"width:100%;\" style=\"width:100%;\"><img class=\"wp-post-image\" alt=\"Depositphotos_32902309_original.jpg\" src=\"https:\/\/www.veterinarialaamistad.com\/wp-content\/uploads\/2015\/08\/Depositphotos_32902309_original.jpg\"><\/div><div class=\"swiper-slide\" data-style=\"width:100%;\" style=\"width:100%;\"><img class=\"wp-post-image\" alt=\"dog.jpg\" src=\"https:\/\/www.veterinarialaamistad.com\/wp-content\/uploads\/2015\/08\/dog.jpg\"><\/div><div class=\"swiper-slide\" data-style=\"width:100%;\" style=\"width:100%;\"><img class=\"wp-post-image\" alt=\"Depositphotos_22977110_original.jpg\" src=\"https:\/\/www.veterinarialaamistad.com\/wp-content\/uploads\/2015\/08\/Depositphotos_22977110_original.jpg\"><\/div><div class=\"swiper-slide\" data-style=\"width:100%;\" style=\"width:100%;\"><img class=\"wp-post-image\" alt=\"Depositphotos_18034837_original.jpg\" src=\"https:\/\/www.veterinarialaamistad.com\/wp-content\/uploads\/2015\/08\/Depositphotos_18034837_original.jpg\"><\/div><div class=\"swiper-slide\" data-style=\"width:100%;\" style=\"width:100%;\"><img class=\"wp-post-image\" alt=\"Depositphotos_22977434_original.jpg\" src=\"https:\/\/www.veterinarialaamistad.com\/wp-content\/uploads\/2015\/08\/Depositphotos_22977434_original.jpg\"><\/div><div class=\"swiper-slide\" data-style=\"width:100%;\" style=\"width:100%;\"><img class=\"wp-post-image\" alt=\"Depositphotos_65724991_l.jpg\" src=\"https:\/\/www.veterinarialaamistad.com\/wp-content\/uploads\/2015\/07\/Depositphotos_65724991_l.jpg\"><\/div><div class=\"swiper-slide\" data-style=\"width:100%;\" style=\"width:100%;\"><img class=\"wp-post-image\" alt=\"Depositphotos_44646233_original.jpg\" src=\"https:\/\/www.veterinarialaamistad.com\/wp-content\/uploads\/2015\/08\/Depositphotos_44646233_original.jpg\"><\/div><div class=\"swiper-slide\" data-style=\"width:100%;\" style=\"width:100%;\"><img class=\"wp-post-image\" alt=\"pet-clipping-2.jpg\" src=\"https:\/\/www.veterinarialaamistad.com\/wp-content\/uploads\/2015\/07\/pet-clipping-2.jpg\"><\/div><div class=\"swiper-slide\" data-style=\"width:100%;\" style=\"width:100%;\"><img class=\"wp-post-image\" alt=\"Depositphotos_6017955_original.jpg\" src=\"https:\/\/www.veterinarialaamistad.com\/wp-content\/uploads\/2015\/07\/Depositphotos_6017955_original.jpg\"><\/div><div class=\"swiper-slide\" data-style=\"width:100%;\" style=\"width:100%;\"><img class=\"wp-post-image\" alt=\"Depositphotos_23548041_original.jpg\" src=\"https:\/\/www.veterinarialaamistad.com\/wp-content\/uploads\/2015\/08\/Depositphotos_23548041_original.jpg\"><\/div><\/div><\/div><h5 class=\"sc_title sc_title_regular\" style=\"margin-top:1.5em;margin-bottom:0.2em;\">Tienda de Mascotas<\/h5>[vc_column_text]<\/p>\n<p style=\"text-align: left;\">En Veterinaria La Amistad ofrecemos gran variedad de productos seg\u00fan las necesidades de tu mascota.<\/p>\n<p style=\"text-align: left;\">En nuestra p\u00e1gina encontrar\u00e1s una secci\u00f3n especial para la Tienda, en la cual podr\u00e1s ver todos nuestros productos y hacer tus pedidos.<\/p>\n<p>[\/vc_column_text][vc_column_text css=&#8221;.vc_custom_1603676230441{margin-top: 2.5em !important;}&#8221;]Cualquier consulta acerca de nuestros productos, no dudes en contartarnos. Estamos para servirte!!![\/vc_column_text][\/vc_column][\/vc_row]<\/p>\n","protected":false},"excerpt":{"rendered":"<p>[vc_row][vc_column width=&#8221;1\/4&#8243; el_class=&#8221;responsive_service_1-4&#8243;][\/vc_column][vc_column width=&#8221;3\/4&#8243; el_class=&#8221;responsive_service_3-4&#8243;][vc_column_text] En Veterinaria La Amistad ofrecemos gran variedad de productos seg\u00fan las necesidades de tu mascota. En nuestra p\u00e1gina encontrar\u00e1s una secci\u00f3n especial para la Tienda, en la cual podr\u00e1s ver todos nuestros productos y hacer tus pedidos. [\/vc_column_text][vc_column_text css=&#8221;.vc_custom_1603676230441{margin-top: 2.5em !important;}&#8221;]Cualquier consulta acerca de nuestros productos, no dudes en contartarnos.<\/p>\n","protected":false},"author":1,"featured_media":0,"parent":0,"menu_order":0,"comment_status":"open","ping_status":"open","template":"","meta":[],"_links":{"self":[{"href":"https:\/\/www.veterinarialaamistad.com\/index.php?rest_route=\/wp\/v2\/pages\/217"}],"collection":[{"href":"https:\/\/www.veterinarialaamistad.com\/index.php?rest_route=\/wp\/v2\/pages"}],"about":[{"href":"https:\/\/www.veterinarialaamistad.com\/index.php?rest_route=\/wp\/v2\/types\/page"}],"author":[{"embeddable":true,"href":"https:\/\/www.veterinarialaamistad.com\/index.php?rest_route=\/wp\/v2\/users\/1"}],"replies":[{"embeddable":true,"href":"https:\/\/www.veterinarialaamistad.com\/index.php?rest_route=%2Fwp%2Fv2%2Fcomments&post=217"}],"version-history":[{"count":14,"href":"https:\/\/www.veterinarialaamistad.com\/index.php?rest_route=\/wp\/v2\/pages\/217\/revisions"}],"predecessor-version":[{"id":3175,"href":"https:\/\/www.veterinarialaamistad.com\/index.php?rest_route=\/wp\/v2\/pages\/217\/revisions\/3175"}],"wp:attachment":[{"href":"https:\/\/www.veterinarialaamistad.com\/index.php?rest_route=%2Fwp%2Fv2%2Fmedia&parent=217"}],"curies":[{"name":"wp","href":"https:\/\/api.w.org\/{rel}","templated":true}]}}